{"id":1396,"date":"2025-12-14T18:58:26","date_gmt":"2025-12-14T17:58:26","guid":{"rendered":"https:\/\/sangkyap.net\/intl\/?post_type=product&#038;p=1396"},"modified":"2026-01-25T00:42:05","modified_gmt":"2026-01-24T23:42:05","slug":"manjushri-repro","status":"publish","type":"product","link":"https:\/\/sangkyap.net\/intl\/product\/manjushri-repro\/","title":{"rendered":"Manjushri"},"content":{"rendered":"<p>High-quality reproduction capturing the luminous presence of a thangka of Ma\u00f1ju\u015br\u012b, the bodhisattva of wisdom.<br \/>\nOriginally painted on an A4-sized canvas using beautiful natural mineral pigments, the artwork retains its refined depth and radiant color in this faithful print.<\/p>\n<p>Ma\u00f1ju\u015br\u012b\u2019s gently rounded, youthful face conveys a serene yet vibrant energy, while the raised sword of wisdom symbolizes the cutting of ignorance. His golden ornaments and garments, delicately embellished with fine gold patterns, add an elegant brilliance that enhances the overall composition.<\/p>\n<p>You can find more images and details about this Thangka in our<strong><u> <a href=\"https:\/\/sangkyap.net\/intl\/gallery\/thangka\/manjushri-thangka\" target=\"_blank\" rel=\"noopener\">Gallery page<\/a><\/u><\/strong>.<\/p>\n<p>&nbsp;<\/p>\n<p><img decoding=\"async\" class=\"wp-image-4027 size-full aligncenter\" src=\"https:\/\/sangkyap.net\/intl\/wp-content\/uploads\/2025\/12\/free-shipping.webp\" alt=\"\" width=\"450\" height=\"87\" srcset=\"https:\/\/sangkyap.net\/intl\/wp-content\/uploads\/2025\/12\/free-shipping.webp 450w, https:\/\/sangkyap.net\/intl\/wp-content\/uploads\/2025\/12\/free-shipping-300x58.webp 300w\" sizes=\"(max-width: 450px) 100vw, 450px\" \/><\/p>\n<p>&nbsp;<\/p>\n<p>\ud83d\udd14 <em>Please note :<\/em><\/p>\n<ul>\n<li><em>Due to differences in screen settings, actual print colors may not exactly match the colors shown on your monitor or device.<\/em><\/li>\n<li><em>A white unprinted margin surrounds the red border, intentionally left blank to preserve framing aesthetics and ensure safe handling.<br \/>\n<\/em><\/li>\n<li><em>Avoid exposure to direct sunlight or moisture to preserve print quality.<\/em><\/li>\n<li><em>Items other than reproductions, such as scripture booklets, are not eligible for free shipping.<\/em><\/li>\n<\/ul>\n","protected":false},"excerpt":{"rendered":"<div class=\"custom-product-description\">\n<p><strong><span class=\"product-title\">\u2013 Fine Art Thangka Print \u2013<\/span><\/strong><\/p>\n<ul class=\"product-features-list\">\n<li><i class=\"icon-check\"><\/i>Archival-quality reproduction for long-lasting preservation<\/li>\n<li><i class=\"icon-check\"><\/i>Professionally printed on a museum-grade fine art paper made of 100% cotton<\/li>\n<li><i class=\"icon-check\"><\/i>Matte finish that evokes the texture of the original artwork<\/li>\n<li><i class=\"icon-check\"><\/i>Pigment-based inks for color accuracy and fade resistance<\/li>\n<li><i class=\"icon-check\"><\/i>Custom sizing available upon request<\/li>\n<\/ul>\n<p><strong>Size : 204 \u00d7 276mm<\/strong><br \/>\n<span style=\"font-size: 13px;\">(Includes the red border surrounding the image)<\/span><\/p>\n<\/div>\n","protected":false},"featured_media":1466,"template":"","meta":{"site-sidebar-layout":"default","site-content-layout":"","ast-site-content-layout":"default","site-content-style":"default","site-sidebar-style":"default","ast-global-header-display":"","ast-banner-title-visibility":"","ast-main-header-display":"","ast-hfb-above-header-display":"","ast-hfb-below-header-display":"","ast-hfb-mobile-header-display":"","site-post-title":"","ast-breadcrumbs-content":"","ast-featured-img":"","footer-sml-layout":"","ast-disable-related-posts":"","theme-transparent-header-meta":"default","adv-header-id-meta":"","stick-header-meta":"","header-above-stick-meta":"","header-main-stick-meta":"","header-below-stick-meta":"","astra-migrate-meta-layouts":"set","ast-page-background-enabled":"default","ast-page-background-meta":{"desktop":{"background-color":"var(--ast-global-color-4)","background-image":"","background-repeat":"repeat","background-position":"center center","background-size":"auto","background-attachment":"scroll","background-type":"","background-media":"","overlay-type":"","overlay-color":"","overlay-opacity":"","overlay-gradient":""},"tablet":{"background-color":"","background-image":"","background-repeat":"repeat","background-position":"center center","background-size":"auto","background-attachment":"scroll","background-type":"","background-media":"","overlay-type":"","overlay-color":"","overlay-opacity":"","overlay-gradient":""},"mobile":{"background-color":"","background-image":"","background-repeat":"repeat","background-position":"center center","background-size":"auto","background-attachment":"scroll","background-type":"","background-media":"","overlay-type":"","overlay-color":"","overlay-opacity":"","overlay-gradient":""}},"ast-content-background-meta":{"desktop":{"background-color":"var(--ast-global-color-5)","background-image":"","background-repeat":"repeat","background-position":"center center","background-size":"auto","background-attachment":"scroll","background-type":"","background-media":"","overlay-type":"","overlay-color":"","overlay-opacity":"","overlay-gradient":""},"tablet":{"background-color":"var(--ast-global-color-5)","background-image":"","background-repeat":"repeat","background-position":"center center","background-size":"auto","background-attachment":"scroll","background-type":"","background-media":"","overlay-type":"","overlay-color":"","overlay-opacity":"","overlay-gradient":""},"mobile":{"background-color":"var(--ast-global-color-5)","background-image":"","background-repeat":"repeat","background-position":"center center","background-size":"auto","background-attachment":"scroll","background-type":"","background-media":"","overlay-type":"","overlay-color":"","overlay-opacity":"","overlay-gradient":""}}},"product_brand":[],"product_cat":[46,43,44,57],"product_tag":[51,59,56],"class_list":{"0":"post-1396","1":"product","2":"type-product","3":"status-publish","4":"has-post-thumbnail","6":"product_cat-peaceful","7":"product_cat-product","8":"product_cat-reproduction","9":"product_cat-tibetan-style","10":"product_tag-peaceful","11":"product_tag-product","12":"product_tag-tibetan-style","13":"desktop-align-center","14":"tablet-align-center","15":"mobile-align-center","17":"first","18":"instock","19":"taxable","20":"shipping-taxable","21":"purchasable","22":"product-type-simple"},"yoast_head":"<!-- This site is optimized with the Yoast SEO plugin v27.4 - https:\/\/yoast.com\/product\/yoast-seo-wordpress\/ -->\n<title>Manjushri \u2013 Fine Art Thangka Print - Atelier NISHI<\/title>\n<meta name=\"description\" content=\"Premium-quality Tibetan thangka print depicting Ma\u00f1ju\u015br\u012b, the bodhisattva of wisdom, beautifully reproduced with exceptional detail and clarity.\" \/>\n<meta name=\"robots\" content=\"index, follow, max-snippet:-1, max-image-preview:large, max-video-preview:-1\" \/>\n<link rel=\"canonical\" href=\"https:\/\/sangkyap.net\/intl\/product\/manjushri-repro\/\" \/>\n<meta property=\"og:locale\" content=\"en_US\" \/>\n<meta property=\"og:type\" content=\"article\" \/>\n<meta property=\"og:title\" content=\"Manjushri \u2013 Fine Art Thangka Print - Atelier NISHI\" \/>\n<meta property=\"og:description\" content=\"Premium-quality Tibetan thangka print depicting Ma\u00f1ju\u015br\u012b, the bodhisattva of wisdom, beautifully reproduced with exceptional detail and clarity.\" \/>\n<meta property=\"og:url\" content=\"https:\/\/sangkyap.net\/intl\/product\/manjushri-repro\/\" \/>\n<meta property=\"og:site_name\" content=\"Atelier NISHI\" \/>\n<meta property=\"article:publisher\" content=\"https:\/\/www.facebook.com\/TibetanThangka.KarmaGardri\" \/>\n<meta property=\"article:modified_time\" content=\"2026-01-24T23:42:05+00:00\" \/>\n<meta property=\"og:image\" content=\"https:\/\/sangkyap.net\/intl\/wp-content\/uploads\/2025\/12\/Manjushri-sh-1.webp\" \/>\n\t<meta property=\"og:image:width\" content=\"865\" \/>\n\t<meta property=\"og:image:height\" content=\"1080\" \/>\n\t<meta property=\"og:image:type\" content=\"image\/webp\" \/>\n<meta name=\"twitter:card\" content=\"summary_large_image\" \/>\n<meta name=\"twitter:label1\" content=\"Est. reading time\" \/>\n\t<meta name=\"twitter:data1\" content=\"2 minutes\" \/>\n<script type=\"application\/ld+json\" class=\"yoast-schema-graph\">{\"@context\":\"https:\\\/\\\/schema.org\",\"@graph\":[{\"@type\":\"WebPage\",\"@id\":\"https:\\\/\\\/sangkyap.net\\\/intl\\\/product\\\/manjushri-repro\\\/\",\"url\":\"https:\\\/\\\/sangkyap.net\\\/intl\\\/product\\\/manjushri-repro\\\/\",\"name\":\"Manjushri \u2013 Fine Art Thangka Print - Atelier NISHI\",\"isPartOf\":{\"@id\":\"https:\\\/\\\/sangkyap.net\\\/intl\\\/#website\"},\"primaryImageOfPage\":{\"@id\":\"https:\\\/\\\/sangkyap.net\\\/intl\\\/product\\\/manjushri-repro\\\/#primaryimage\"},\"image\":{\"@id\":\"https:\\\/\\\/sangkyap.net\\\/intl\\\/product\\\/manjushri-repro\\\/#primaryimage\"},\"thumbnailUrl\":\"https:\\\/\\\/sangkyap.net\\\/intl\\\/wp-content\\\/uploads\\\/2025\\\/12\\\/Manjushri-sh-1.webp\",\"datePublished\":\"2025-12-14T17:58:26+00:00\",\"dateModified\":\"2026-01-24T23:42:05+00:00\",\"description\":\"Premium-quality Tibetan thangka print depicting Ma\u00f1ju\u015br\u012b, the bodhisattva of wisdom, beautifully reproduced with exceptional detail and clarity.\",\"breadcrumb\":{\"@id\":\"https:\\\/\\\/sangkyap.net\\\/intl\\\/product\\\/manjushri-repro\\\/#breadcrumb\"},\"inLanguage\":\"en-US\",\"potentialAction\":[{\"@type\":\"ReadAction\",\"target\":[\"https:\\\/\\\/sangkyap.net\\\/intl\\\/product\\\/manjushri-repro\\\/\"]}]},{\"@type\":\"ImageObject\",\"inLanguage\":\"en-US\",\"@id\":\"https:\\\/\\\/sangkyap.net\\\/intl\\\/product\\\/manjushri-repro\\\/#primaryimage\",\"url\":\"https:\\\/\\\/sangkyap.net\\\/intl\\\/wp-content\\\/uploads\\\/2025\\\/12\\\/Manjushri-sh-1.webp\",\"contentUrl\":\"https:\\\/\\\/sangkyap.net\\\/intl\\\/wp-content\\\/uploads\\\/2025\\\/12\\\/Manjushri-sh-1.webp\",\"width\":865,\"height\":1080},{\"@type\":\"BreadcrumbList\",\"@id\":\"https:\\\/\\\/sangkyap.net\\\/intl\\\/product\\\/manjushri-repro\\\/#breadcrumb\",\"itemListElement\":[{\"@type\":\"ListItem\",\"position\":1,\"name\":\"Home\",\"item\":\"https:\\\/\\\/sangkyap.net\\\/intl\\\/\"},{\"@type\":\"ListItem\",\"position\":2,\"name\":\"Shop-setting\",\"item\":\"https:\\\/\\\/sangkyap.net\\\/intl\\\/shop-setting\\\/\"},{\"@type\":\"ListItem\",\"position\":3,\"name\":\"Manjushri\"}]},{\"@type\":\"WebSite\",\"@id\":\"https:\\\/\\\/sangkyap.net\\\/intl\\\/#website\",\"url\":\"https:\\\/\\\/sangkyap.net\\\/intl\\\/\",\"name\":\"Atelier NISHI\",\"description\":\"\",\"publisher\":{\"@id\":\"https:\\\/\\\/sangkyap.net\\\/intl\\\/#organization\"},\"potentialAction\":[{\"@type\":\"SearchAction\",\"target\":{\"@type\":\"EntryPoint\",\"urlTemplate\":\"https:\\\/\\\/sangkyap.net\\\/intl\\\/?s={search_term_string}\"},\"query-input\":{\"@type\":\"PropertyValueSpecification\",\"valueRequired\":true,\"valueName\":\"search_term_string\"}}],\"inLanguage\":\"en-US\"},{\"@type\":\"Organization\",\"@id\":\"https:\\\/\\\/sangkyap.net\\\/intl\\\/#organization\",\"name\":\"Atelier NISHI\",\"url\":\"https:\\\/\\\/sangkyap.net\\\/intl\\\/\",\"logo\":{\"@type\":\"ImageObject\",\"inLanguage\":\"en-US\",\"@id\":\"https:\\\/\\\/sangkyap.net\\\/intl\\\/#\\\/schema\\\/logo\\\/image\\\/\",\"url\":\"https:\\\/\\\/sangkyap.net\\\/intl\\\/wp-content\\\/uploads\\\/2025\\\/12\\\/site-logo.webp\",\"contentUrl\":\"https:\\\/\\\/sangkyap.net\\\/intl\\\/wp-content\\\/uploads\\\/2025\\\/12\\\/site-logo.webp\",\"width\":207,\"height\":45,\"caption\":\"Atelier NISHI\"},\"image\":{\"@id\":\"https:\\\/\\\/sangkyap.net\\\/intl\\\/#\\\/schema\\\/logo\\\/image\\\/\"},\"sameAs\":[\"https:\\\/\\\/www.facebook.com\\\/TibetanThangka.KarmaGardri\",\"https:\\\/\\\/www.instagram.com\\\/atelier.nishi_thangka\\\/\"]}]}<\/script>\n<!-- \/ Yoast SEO plugin. -->","yoast_head_json":{"title":"Manjushri \u2013 Fine Art Thangka Print - Atelier NISHI","description":"Premium-quality Tibetan thangka print depicting Ma\u00f1ju\u015br\u012b, the bodhisattva of wisdom, beautifully reproduced with exceptional detail and clarity.","robots":{"index":"index","follow":"follow","max-snippet":"max-snippet:-1","max-image-preview":"max-image-preview:large","max-video-preview":"max-video-preview:-1"},"canonical":"https:\/\/sangkyap.net\/intl\/product\/manjushri-repro\/","og_locale":"en_US","og_type":"article","og_title":"Manjushri \u2013 Fine Art Thangka Print - Atelier NISHI","og_description":"Premium-quality Tibetan thangka print depicting Ma\u00f1ju\u015br\u012b, the bodhisattva of wisdom, beautifully reproduced with exceptional detail and clarity.","og_url":"https:\/\/sangkyap.net\/intl\/product\/manjushri-repro\/","og_site_name":"Atelier NISHI","article_publisher":"https:\/\/www.facebook.com\/TibetanThangka.KarmaGardri","article_modified_time":"2026-01-24T23:42:05+00:00","og_image":[{"width":865,"height":1080,"url":"https:\/\/sangkyap.net\/intl\/wp-content\/uploads\/2025\/12\/Manjushri-sh-1.webp","type":"image\/webp"}],"twitter_card":"summary_large_image","twitter_misc":{"Est. reading time":"2 minutes"},"schema":{"@context":"https:\/\/schema.org","@graph":[{"@type":"WebPage","@id":"https:\/\/sangkyap.net\/intl\/product\/manjushri-repro\/","url":"https:\/\/sangkyap.net\/intl\/product\/manjushri-repro\/","name":"Manjushri \u2013 Fine Art Thangka Print - Atelier NISHI","isPartOf":{"@id":"https:\/\/sangkyap.net\/intl\/#website"},"primaryImageOfPage":{"@id":"https:\/\/sangkyap.net\/intl\/product\/manjushri-repro\/#primaryimage"},"image":{"@id":"https:\/\/sangkyap.net\/intl\/product\/manjushri-repro\/#primaryimage"},"thumbnailUrl":"https:\/\/sangkyap.net\/intl\/wp-content\/uploads\/2025\/12\/Manjushri-sh-1.webp","datePublished":"2025-12-14T17:58:26+00:00","dateModified":"2026-01-24T23:42:05+00:00","description":"Premium-quality Tibetan thangka print depicting Ma\u00f1ju\u015br\u012b, the bodhisattva of wisdom, beautifully reproduced with exceptional detail and clarity.","breadcrumb":{"@id":"https:\/\/sangkyap.net\/intl\/product\/manjushri-repro\/#breadcrumb"},"inLanguage":"en-US","potentialAction":[{"@type":"ReadAction","target":["https:\/\/sangkyap.net\/intl\/product\/manjushri-repro\/"]}]},{"@type":"ImageObject","inLanguage":"en-US","@id":"https:\/\/sangkyap.net\/intl\/product\/manjushri-repro\/#primaryimage","url":"https:\/\/sangkyap.net\/intl\/wp-content\/uploads\/2025\/12\/Manjushri-sh-1.webp","contentUrl":"https:\/\/sangkyap.net\/intl\/wp-content\/uploads\/2025\/12\/Manjushri-sh-1.webp","width":865,"height":1080},{"@type":"BreadcrumbList","@id":"https:\/\/sangkyap.net\/intl\/product\/manjushri-repro\/#breadcrumb","itemListElement":[{"@type":"ListItem","position":1,"name":"Home","item":"https:\/\/sangkyap.net\/intl\/"},{"@type":"ListItem","position":2,"name":"Shop-setting","item":"https:\/\/sangkyap.net\/intl\/shop-setting\/"},{"@type":"ListItem","position":3,"name":"Manjushri"}]},{"@type":"WebSite","@id":"https:\/\/sangkyap.net\/intl\/#website","url":"https:\/\/sangkyap.net\/intl\/","name":"Atelier NISHI","description":"","publisher":{"@id":"https:\/\/sangkyap.net\/intl\/#organization"},"potentialAction":[{"@type":"SearchAction","target":{"@type":"EntryPoint","urlTemplate":"https:\/\/sangkyap.net\/intl\/?s={search_term_string}"},"query-input":{"@type":"PropertyValueSpecification","valueRequired":true,"valueName":"search_term_string"}}],"inLanguage":"en-US"},{"@type":"Organization","@id":"https:\/\/sangkyap.net\/intl\/#organization","name":"Atelier NISHI","url":"https:\/\/sangkyap.net\/intl\/","logo":{"@type":"ImageObject","inLanguage":"en-US","@id":"https:\/\/sangkyap.net\/intl\/#\/schema\/logo\/image\/","url":"https:\/\/sangkyap.net\/intl\/wp-content\/uploads\/2025\/12\/site-logo.webp","contentUrl":"https:\/\/sangkyap.net\/intl\/wp-content\/uploads\/2025\/12\/site-logo.webp","width":207,"height":45,"caption":"Atelier NISHI"},"image":{"@id":"https:\/\/sangkyap.net\/intl\/#\/schema\/logo\/image\/"},"sameAs":["https:\/\/www.facebook.com\/TibetanThangka.KarmaGardri","https:\/\/www.instagram.com\/atelier.nishi_thangka\/"]}]}},"_links":{"self":[{"href":"https:\/\/sangkyap.net\/intl\/wp-json\/wp\/v2\/product\/1396","targetHints":{"allow":["GET"]}}],"collection":[{"href":"https:\/\/sangkyap.net\/intl\/wp-json\/wp\/v2\/product"}],"about":[{"href":"https:\/\/sangkyap.net\/intl\/wp-json\/wp\/v2\/types\/product"}],"wp:featuredmedia":[{"embeddable":true,"href":"https:\/\/sangkyap.net\/intl\/wp-json\/wp\/v2\/media\/1466"}],"wp:attachment":[{"href":"https:\/\/sangkyap.net\/intl\/wp-json\/wp\/v2\/media?parent=1396"}],"wp:term":[{"taxonomy":"product_brand","embeddable":true,"href":"https:\/\/sangkyap.net\/intl\/wp-json\/wp\/v2\/product_brand?post=1396"},{"taxonomy":"product_cat","embeddable":true,"href":"https:\/\/sangkyap.net\/intl\/wp-json\/wp\/v2\/product_cat?post=1396"},{"taxonomy":"product_tag","embeddable":true,"href":"https:\/\/sangkyap.net\/intl\/wp-json\/wp\/v2\/product_tag?post=1396"}],"curies":[{"name":"wp","href":"https:\/\/api.w.org\/{rel}","templated":true}]}}