{"id":1398,"date":"2025-12-14T18:58:26","date_gmt":"2025-12-14T17:58:26","guid":{"rendered":"https:\/\/sangkyap.net\/intl\/?post_type=product&#038;p=1398"},"modified":"2026-01-25T00:41:51","modified_gmt":"2026-01-24T23:41:51","slug":"livret-de-prieres-les-vingt-et-une-images-de-la-sublime-tara","status":"publish","type":"product","link":"https:\/\/sangkyap.net\/intl\/product\/livret-de-prieres-les-vingt-et-une-images-de-la-sublime-tara\/","title":{"rendered":"&#8220;Les Vingt et une Images de la Sublime Tara&#8221;"},"content":{"rendered":"<p>Un livret con\u00e7u pour enrichir votre pratique quotidienne de la m\u00e9ditation, pr\u00e9sentant des images d\u00e9taill\u00e9es des Vingt-et-une Nobles Tara selon la tradition du Longchen Nyingthig, chacune accompagn\u00e9e de versets de louange.<\/p>\n<p>Chaque page comprend :<\/p>\n<ul>\n<li>Le nom de chaque Tara<\/li>\n<li>Le verset correspondant du <em>&#8220;Louange \u00e0 T\u0101r\u0101 en vingt-et-un versets d\u2019hommage&#8221;<\/em> en tib\u00e9tain<\/li>\n<li>La transcription phon\u00e9tique et la traduction<\/li>\n<li>Une image en couleur de chaque Tara<\/li>\n<\/ul>\n<p>&nbsp;<\/p>\n<p>Ce livret est \u00e9galement disponible en anglais : <a href=\"https:\/\/sangkyap.net\/intl\/product\/prayer-booklet-the-twenty-one-images-of-exalted-tara\/\" target=\"_blank\" rel=\"noopener\"><strong>&#8220;The Twenty-one Images of Exalted Tara&#8221;<\/strong><\/a><br \/>\nPour commander 10 livrets ou plus, veuillez nous contacter directement.<\/p>\n<p>Les images des Tara pr\u00e9sent\u00e9es dans ce livret sont extraites d\u2019un seul thangka repr\u00e9sentant les Vingt-et-une Tara. Des reproductions de haute qualit\u00e9 de la thangka original sont \u00e9galement disponibles en plusieurs formats.<\/p>\n<p>Pour en savoir plus sur la thangka repr\u00e9sentant les Vingt-et-une Tara, visitez <a href=\"https:\/\/sangkyap.net\/intl\/gallery\/thangka\/twenty-one-taras-thangka\/\" target=\"_blank\" rel=\"noopener\"><strong><u>cette page<\/u><\/strong><\/a> de notre Galerie, ou d\u00e9couvrez <a href=\"https:\/\/sangkyap.net\/intl\/product\/twenty-one-taras-repro\/\" target=\"_blank\" rel=\"noopener\"><strong><u>la reproduction disponible ici<\/u><\/strong><\/a>.<\/p>\n<p><strong>NOTE :<\/strong> Le service de livraison gratuite appliqu\u00e9 aux reproductions de thangkas ne s\u2019applique pas \u00e0 ce livret. Pour les informations concernant les frais de livraison du livret, veuillez consulter la page <strong>\u00ab<a href=\"https:\/\/sangkyap.net\/intl\/shipping-payment-info\/#booklet\" target=\"_blank\" rel=\"noopener\">\u202fShipping &amp; Payment Info<\/a>\u202f\u00bb<\/strong>.<\/p>\n","protected":false},"excerpt":{"rendered":"<div class=\"custom-product-description\">\n<p><strong><span class=\"product-title\">\u2013 Livret de pri\u00e8res avec images en couleur \u2013<\/span><\/strong><\/p>\n<ul class=\"product-features-list\">\n<li><i class=\"icon-check\"><\/i>Pages : 32 pages au total, dont 22 pages illustr\u00e9es en couleur<\/li>\n<li><i class=\"icon-check\"><\/i>Langues : Disponible en version anglaise et fran\u00e7aise<\/li>\n<li><i class=\"icon-check\"><\/i>Reliure : Double spirale r\u00e9sistante permettant au livret de rester bien ouvert \u00e0 plat<\/li>\n<li><i class=\"icon-check\"><\/i>Papier : Imprim\u00e9 sur papier cr\u00e9ateur mat 250g<\/li>\n<\/ul>\n<p><strong>Format : 150 \u00d7 210 mm<\/strong><\/p>\n<\/div>\n","protected":false},"featured_media":8621,"template":"","meta":{"site-sidebar-layout":"default","site-content-layout":"","ast-site-content-layout":"default","site-content-style":"default","site-sidebar-style":"default","ast-global-header-display":"","ast-banner-title-visibility":"","ast-main-header-display":"","ast-hfb-above-header-display":"","ast-hfb-below-header-display":"","ast-hfb-mobile-header-display":"","site-post-title":"","ast-breadcrumbs-content":"","ast-featured-img":"","footer-sml-layout":"","ast-disable-related-posts":"","theme-transparent-header-meta":"default","adv-header-id-meta":"","stick-header-meta":"","header-above-stick-meta":"","header-main-stick-meta":"","header-below-stick-meta":"","astra-migrate-meta-layouts":"set","ast-page-background-enabled":"default","ast-page-background-meta":{"desktop":{"background-color":"var(--ast-global-color-4)","background-image":"","background-repeat":"repeat","background-position":"center center","background-size":"auto","background-attachment":"scroll","background-type":"","background-media":"","overlay-type":"","overlay-color":"","overlay-opacity":"","overlay-gradient":""},"tablet":{"background-color":"","background-image":"","background-repeat":"repeat","background-position":"center center","background-size":"auto","background-attachment":"scroll","background-type":"","background-media":"","overlay-type":"","overlay-color":"","overlay-opacity":"","overlay-gradient":""},"mobile":{"background-color":"","background-image":"","background-repeat":"repeat","background-position":"center center","background-size":"auto","background-attachment":"scroll","background-type":"","background-media":"","overlay-type":"","overlay-color":"","overlay-opacity":"","overlay-gradient":""}},"ast-content-background-meta":{"desktop":{"background-color":"var(--ast-global-color-5)","background-image":"","background-repeat":"repeat","background-position":"center center","background-size":"auto","background-attachment":"scroll","background-type":"","background-media":"","overlay-type":"","overlay-color":"","overlay-opacity":"","overlay-gradient":""},"tablet":{"background-color":"var(--ast-global-color-5)","background-image":"","background-repeat":"repeat","background-position":"center center","background-size":"auto","background-attachment":"scroll","background-type":"","background-media":"","overlay-type":"","overlay-color":"","overlay-opacity":"","overlay-gradient":""},"mobile":{"background-color":"var(--ast-global-color-5)","background-image":"","background-repeat":"repeat","background-position":"center center","background-size":"auto","background-attachment":"scroll","background-type":"","background-media":"","overlay-type":"","overlay-color":"","overlay-opacity":"","overlay-gradient":""}}},"product_brand":[],"product_cat":[42,43],"product_tag":[59],"class_list":{"0":"post-1398","1":"product","2":"type-product","3":"status-publish","4":"has-post-thumbnail","6":"product_cat-book","7":"product_cat-product","8":"product_tag-product","9":"desktop-align-center","10":"tablet-align-center","11":"mobile-align-center","13":"first","14":"instock","15":"taxable","16":"shipping-taxable","17":"purchasable","18":"product-type-simple"},"yoast_head":"<!-- This site is optimized with the Yoast SEO plugin v27.4 - https:\/\/yoast.com\/product\/yoast-seo-wordpress\/ -->\n<title>&quot;Les Vingt et une Images de la Sublime Tara&quot; - Livret-de-prieres - Atelier NISHI<\/title>\n<meta name=\"description\" content=\"Un livret de pri\u00e8res avec des images en couleur des Vingt-et-une Nobles Tara, pr\u00e9sent\u00e9 selon la tradition du Longchen Nyingthig, accompagn\u00e9 des versets du \u201cLouange \u00e0 T\u0101r\u0101 en vingt-et-un versets d\u2019hommage\u201d.\" \/>\n<meta name=\"robots\" content=\"index, follow, max-snippet:-1, max-image-preview:large, max-video-preview:-1\" \/>\n<link rel=\"canonical\" href=\"https:\/\/sangkyap.net\/intl\/product\/livret-de-prieres-les-vingt-et-une-images-de-la-sublime-tara\/\" \/>\n<meta property=\"og:locale\" content=\"en_US\" \/>\n<meta property=\"og:type\" content=\"article\" \/>\n<meta property=\"og:title\" content=\"&quot;Les Vingt et une Images de la Sublime Tara&quot; - Livret-de-prieres - Atelier NISHI\" \/>\n<meta property=\"og:description\" content=\"Un livret de pri\u00e8res avec des images en couleur des Vingt-et-une Nobles Tara, pr\u00e9sent\u00e9 selon la tradition du Longchen Nyingthig, accompagn\u00e9 des versets du \u201cLouange \u00e0 T\u0101r\u0101 en vingt-et-un versets d\u2019hommage\u201d.\" \/>\n<meta property=\"og:url\" content=\"https:\/\/sangkyap.net\/intl\/product\/livret-de-prieres-les-vingt-et-une-images-de-la-sublime-tara\/\" \/>\n<meta property=\"og:site_name\" content=\"Atelier NISHI\" \/>\n<meta property=\"article:publisher\" content=\"https:\/\/www.facebook.com\/TibetanThangka.KarmaGardri\" \/>\n<meta property=\"article:modified_time\" content=\"2026-01-24T23:41:51+00:00\" \/>\n<meta property=\"og:image\" content=\"https:\/\/sangkyap.net\/intl\/wp-content\/uploads\/2025\/12\/21tarasbook-fr.webp\" \/>\n\t<meta property=\"og:image:width\" content=\"866\" \/>\n\t<meta property=\"og:image:height\" content=\"1080\" \/>\n\t<meta property=\"og:image:type\" content=\"image\/webp\" \/>\n<meta name=\"twitter:card\" content=\"summary_large_image\" \/>\n<meta name=\"twitter:label1\" content=\"Est. reading time\" \/>\n\t<meta name=\"twitter:data1\" content=\"1 minute\" \/>\n<script type=\"application\/ld+json\" class=\"yoast-schema-graph\">{\"@context\":\"https:\\\/\\\/schema.org\",\"@graph\":[{\"@type\":\"WebPage\",\"@id\":\"https:\\\/\\\/sangkyap.net\\\/intl\\\/product\\\/livret-de-prieres-les-vingt-et-une-images-de-la-sublime-tara\\\/\",\"url\":\"https:\\\/\\\/sangkyap.net\\\/intl\\\/product\\\/livret-de-prieres-les-vingt-et-une-images-de-la-sublime-tara\\\/\",\"name\":\"\\\"Les Vingt et une Images de la Sublime Tara\\\" - Livret-de-prieres - Atelier NISHI\",\"isPartOf\":{\"@id\":\"https:\\\/\\\/sangkyap.net\\\/intl\\\/#website\"},\"primaryImageOfPage\":{\"@id\":\"https:\\\/\\\/sangkyap.net\\\/intl\\\/product\\\/livret-de-prieres-les-vingt-et-une-images-de-la-sublime-tara\\\/#primaryimage\"},\"image\":{\"@id\":\"https:\\\/\\\/sangkyap.net\\\/intl\\\/product\\\/livret-de-prieres-les-vingt-et-une-images-de-la-sublime-tara\\\/#primaryimage\"},\"thumbnailUrl\":\"https:\\\/\\\/sangkyap.net\\\/intl\\\/wp-content\\\/uploads\\\/2025\\\/12\\\/21tarasbook-fr.webp\",\"datePublished\":\"2025-12-14T17:58:26+00:00\",\"dateModified\":\"2026-01-24T23:41:51+00:00\",\"description\":\"Un livret de pri\u00e8res avec des images en couleur des Vingt-et-une Nobles Tara, pr\u00e9sent\u00e9 selon la tradition du Longchen Nyingthig, accompagn\u00e9 des versets du \u201cLouange \u00e0 T\u0101r\u0101 en vingt-et-un versets d\u2019hommage\u201d.\",\"breadcrumb\":{\"@id\":\"https:\\\/\\\/sangkyap.net\\\/intl\\\/product\\\/livret-de-prieres-les-vingt-et-une-images-de-la-sublime-tara\\\/#breadcrumb\"},\"inLanguage\":\"en-US\",\"potentialAction\":[{\"@type\":\"ReadAction\",\"target\":[\"https:\\\/\\\/sangkyap.net\\\/intl\\\/product\\\/livret-de-prieres-les-vingt-et-une-images-de-la-sublime-tara\\\/\"]}]},{\"@type\":\"ImageObject\",\"inLanguage\":\"en-US\",\"@id\":\"https:\\\/\\\/sangkyap.net\\\/intl\\\/product\\\/livret-de-prieres-les-vingt-et-une-images-de-la-sublime-tara\\\/#primaryimage\",\"url\":\"https:\\\/\\\/sangkyap.net\\\/intl\\\/wp-content\\\/uploads\\\/2025\\\/12\\\/21tarasbook-fr.webp\",\"contentUrl\":\"https:\\\/\\\/sangkyap.net\\\/intl\\\/wp-content\\\/uploads\\\/2025\\\/12\\\/21tarasbook-fr.webp\",\"width\":866,\"height\":1080},{\"@type\":\"BreadcrumbList\",\"@id\":\"https:\\\/\\\/sangkyap.net\\\/intl\\\/product\\\/livret-de-prieres-les-vingt-et-une-images-de-la-sublime-tara\\\/#breadcrumb\",\"itemListElement\":[{\"@type\":\"ListItem\",\"position\":1,\"name\":\"Home\",\"item\":\"https:\\\/\\\/sangkyap.net\\\/intl\\\/\"},{\"@type\":\"ListItem\",\"position\":2,\"name\":\"Shop-setting\",\"item\":\"https:\\\/\\\/sangkyap.net\\\/intl\\\/shop-setting\\\/\"},{\"@type\":\"ListItem\",\"position\":3,\"name\":\"&#8220;Les Vingt et une Images de la Sublime Tara&#8221;\"}]},{\"@type\":\"WebSite\",\"@id\":\"https:\\\/\\\/sangkyap.net\\\/intl\\\/#website\",\"url\":\"https:\\\/\\\/sangkyap.net\\\/intl\\\/\",\"name\":\"Atelier NISHI\",\"description\":\"\",\"publisher\":{\"@id\":\"https:\\\/\\\/sangkyap.net\\\/intl\\\/#organization\"},\"potentialAction\":[{\"@type\":\"SearchAction\",\"target\":{\"@type\":\"EntryPoint\",\"urlTemplate\":\"https:\\\/\\\/sangkyap.net\\\/intl\\\/?s={search_term_string}\"},\"query-input\":{\"@type\":\"PropertyValueSpecification\",\"valueRequired\":true,\"valueName\":\"search_term_string\"}}],\"inLanguage\":\"en-US\"},{\"@type\":\"Organization\",\"@id\":\"https:\\\/\\\/sangkyap.net\\\/intl\\\/#organization\",\"name\":\"Atelier NISHI\",\"url\":\"https:\\\/\\\/sangkyap.net\\\/intl\\\/\",\"logo\":{\"@type\":\"ImageObject\",\"inLanguage\":\"en-US\",\"@id\":\"https:\\\/\\\/sangkyap.net\\\/intl\\\/#\\\/schema\\\/logo\\\/image\\\/\",\"url\":\"https:\\\/\\\/sangkyap.net\\\/intl\\\/wp-content\\\/uploads\\\/2025\\\/12\\\/site-logo.webp\",\"contentUrl\":\"https:\\\/\\\/sangkyap.net\\\/intl\\\/wp-content\\\/uploads\\\/2025\\\/12\\\/site-logo.webp\",\"width\":207,\"height\":45,\"caption\":\"Atelier NISHI\"},\"image\":{\"@id\":\"https:\\\/\\\/sangkyap.net\\\/intl\\\/#\\\/schema\\\/logo\\\/image\\\/\"},\"sameAs\":[\"https:\\\/\\\/www.facebook.com\\\/TibetanThangka.KarmaGardri\",\"https:\\\/\\\/www.instagram.com\\\/atelier.nishi_thangka\\\/\"]}]}<\/script>\n<!-- \/ Yoast SEO plugin. -->","yoast_head_json":{"title":"\"Les Vingt et une Images de la Sublime Tara\" - Livret-de-prieres - Atelier NISHI","description":"Un livret de pri\u00e8res avec des images en couleur des Vingt-et-une Nobles Tara, pr\u00e9sent\u00e9 selon la tradition du Longchen Nyingthig, accompagn\u00e9 des versets du \u201cLouange \u00e0 T\u0101r\u0101 en vingt-et-un versets d\u2019hommage\u201d.","robots":{"index":"index","follow":"follow","max-snippet":"max-snippet:-1","max-image-preview":"max-image-preview:large","max-video-preview":"max-video-preview:-1"},"canonical":"https:\/\/sangkyap.net\/intl\/product\/livret-de-prieres-les-vingt-et-une-images-de-la-sublime-tara\/","og_locale":"en_US","og_type":"article","og_title":"\"Les Vingt et une Images de la Sublime Tara\" - Livret-de-prieres - Atelier NISHI","og_description":"Un livret de pri\u00e8res avec des images en couleur des Vingt-et-une Nobles Tara, pr\u00e9sent\u00e9 selon la tradition du Longchen Nyingthig, accompagn\u00e9 des versets du \u201cLouange \u00e0 T\u0101r\u0101 en vingt-et-un versets d\u2019hommage\u201d.","og_url":"https:\/\/sangkyap.net\/intl\/product\/livret-de-prieres-les-vingt-et-une-images-de-la-sublime-tara\/","og_site_name":"Atelier NISHI","article_publisher":"https:\/\/www.facebook.com\/TibetanThangka.KarmaGardri","article_modified_time":"2026-01-24T23:41:51+00:00","og_image":[{"width":866,"height":1080,"url":"https:\/\/sangkyap.net\/intl\/wp-content\/uploads\/2025\/12\/21tarasbook-fr.webp","type":"image\/webp"}],"twitter_card":"summary_large_image","twitter_misc":{"Est. reading time":"1 minute"},"schema":{"@context":"https:\/\/schema.org","@graph":[{"@type":"WebPage","@id":"https:\/\/sangkyap.net\/intl\/product\/livret-de-prieres-les-vingt-et-une-images-de-la-sublime-tara\/","url":"https:\/\/sangkyap.net\/intl\/product\/livret-de-prieres-les-vingt-et-une-images-de-la-sublime-tara\/","name":"\"Les Vingt et une Images de la Sublime Tara\" - Livret-de-prieres - Atelier NISHI","isPartOf":{"@id":"https:\/\/sangkyap.net\/intl\/#website"},"primaryImageOfPage":{"@id":"https:\/\/sangkyap.net\/intl\/product\/livret-de-prieres-les-vingt-et-une-images-de-la-sublime-tara\/#primaryimage"},"image":{"@id":"https:\/\/sangkyap.net\/intl\/product\/livret-de-prieres-les-vingt-et-une-images-de-la-sublime-tara\/#primaryimage"},"thumbnailUrl":"https:\/\/sangkyap.net\/intl\/wp-content\/uploads\/2025\/12\/21tarasbook-fr.webp","datePublished":"2025-12-14T17:58:26+00:00","dateModified":"2026-01-24T23:41:51+00:00","description":"Un livret de pri\u00e8res avec des images en couleur des Vingt-et-une Nobles Tara, pr\u00e9sent\u00e9 selon la tradition du Longchen Nyingthig, accompagn\u00e9 des versets du \u201cLouange \u00e0 T\u0101r\u0101 en vingt-et-un versets d\u2019hommage\u201d.","breadcrumb":{"@id":"https:\/\/sangkyap.net\/intl\/product\/livret-de-prieres-les-vingt-et-une-images-de-la-sublime-tara\/#breadcrumb"},"inLanguage":"en-US","potentialAction":[{"@type":"ReadAction","target":["https:\/\/sangkyap.net\/intl\/product\/livret-de-prieres-les-vingt-et-une-images-de-la-sublime-tara\/"]}]},{"@type":"ImageObject","inLanguage":"en-US","@id":"https:\/\/sangkyap.net\/intl\/product\/livret-de-prieres-les-vingt-et-une-images-de-la-sublime-tara\/#primaryimage","url":"https:\/\/sangkyap.net\/intl\/wp-content\/uploads\/2025\/12\/21tarasbook-fr.webp","contentUrl":"https:\/\/sangkyap.net\/intl\/wp-content\/uploads\/2025\/12\/21tarasbook-fr.webp","width":866,"height":1080},{"@type":"BreadcrumbList","@id":"https:\/\/sangkyap.net\/intl\/product\/livret-de-prieres-les-vingt-et-une-images-de-la-sublime-tara\/#breadcrumb","itemListElement":[{"@type":"ListItem","position":1,"name":"Home","item":"https:\/\/sangkyap.net\/intl\/"},{"@type":"ListItem","position":2,"name":"Shop-setting","item":"https:\/\/sangkyap.net\/intl\/shop-setting\/"},{"@type":"ListItem","position":3,"name":"&#8220;Les Vingt et une Images de la Sublime Tara&#8221;"}]},{"@type":"WebSite","@id":"https:\/\/sangkyap.net\/intl\/#website","url":"https:\/\/sangkyap.net\/intl\/","name":"Atelier NISHI","description":"","publisher":{"@id":"https:\/\/sangkyap.net\/intl\/#organization"},"potentialAction":[{"@type":"SearchAction","target":{"@type":"EntryPoint","urlTemplate":"https:\/\/sangkyap.net\/intl\/?s={search_term_string}"},"query-input":{"@type":"PropertyValueSpecification","valueRequired":true,"valueName":"search_term_string"}}],"inLanguage":"en-US"},{"@type":"Organization","@id":"https:\/\/sangkyap.net\/intl\/#organization","name":"Atelier NISHI","url":"https:\/\/sangkyap.net\/intl\/","logo":{"@type":"ImageObject","inLanguage":"en-US","@id":"https:\/\/sangkyap.net\/intl\/#\/schema\/logo\/image\/","url":"https:\/\/sangkyap.net\/intl\/wp-content\/uploads\/2025\/12\/site-logo.webp","contentUrl":"https:\/\/sangkyap.net\/intl\/wp-content\/uploads\/2025\/12\/site-logo.webp","width":207,"height":45,"caption":"Atelier NISHI"},"image":{"@id":"https:\/\/sangkyap.net\/intl\/#\/schema\/logo\/image\/"},"sameAs":["https:\/\/www.facebook.com\/TibetanThangka.KarmaGardri","https:\/\/www.instagram.com\/atelier.nishi_thangka\/"]}]}},"_links":{"self":[{"href":"https:\/\/sangkyap.net\/intl\/wp-json\/wp\/v2\/product\/1398","targetHints":{"allow":["GET"]}}],"collection":[{"href":"https:\/\/sangkyap.net\/intl\/wp-json\/wp\/v2\/product"}],"about":[{"href":"https:\/\/sangkyap.net\/intl\/wp-json\/wp\/v2\/types\/product"}],"wp:featuredmedia":[{"embeddable":true,"href":"https:\/\/sangkyap.net\/intl\/wp-json\/wp\/v2\/media\/8621"}],"wp:attachment":[{"href":"https:\/\/sangkyap.net\/intl\/wp-json\/wp\/v2\/media?parent=1398"}],"wp:term":[{"taxonomy":"product_brand","embeddable":true,"href":"https:\/\/sangkyap.net\/intl\/wp-json\/wp\/v2\/product_brand?post=1398"},{"taxonomy":"product_cat","embeddable":true,"href":"https:\/\/sangkyap.net\/intl\/wp-json\/wp\/v2\/product_cat?post=1398"},{"taxonomy":"product_tag","embeddable":true,"href":"https:\/\/sangkyap.net\/intl\/wp-json\/wp\/v2\/product_tag?post=1398"}],"curies":[{"name":"wp","href":"https:\/\/api.w.org\/{rel}","templated":true}]}}